{"id":288,"date":"2026-02-14T17:25:08","date_gmt":"2026-02-14T17:25:08","guid":{"rendered":"https:\/\/goldenlotus.fr\/?page_id=288"},"modified":"2026-03-13T09:41:34","modified_gmt":"2026-03-13T09:41:34","slug":"accueil","status":"publish","type":"page","link":"https:\/\/goldenlotus.fr\/","title":{"rendered":"Golden Lotus"},"content":{"rendered":"\n<p class=\"has-text-align-left\">Votre espace d\u00e9di\u00e9 \u00e0 la sant\u00e9 f\u00e9minine &amp; reproductive.<\/p>\n\n\n\n<p class=\"has-text-align-left\">Ici, vous trouverez des plantes naturelles, des rituels bien-\u00eatre et des solutions holistiques pens\u00e9es pour accompagner chaque femme dans son \u00e9quilibre hormonal, son cycle, sa fertilit\u00e9 et son \u00e9nergie vitale.<\/p>\n\n\n\n<p>Pour prendre rdv ou toute information, veuillez contacter ce num\u00e9ro via whatsapp : <\/p>\n\n\n\n<p>0033 6 46 00 54 45<\/p>\n\n\n\n<p>Merci.<\/p>\n\n\n\n<div class=\"wp-block-group\"><div class=\"wp-block-group__inner-container is-layout-constrained wp-block-group-is-layout-constrained\"><\/div><\/div>\n\n\n\n<div class=\"wp-block-group is-nowrap is-layout-flex wp-container-core-group-is-layout-ad2f72ca wp-block-group-is-layout-flex\"><\/div>\n\n\n\n<p>Prenez soin de vous, naturellement.<\/p>\n\n\n\n<p><\/p>\n","protected":false},"excerpt":{"rendered":"<p>Votre espace d\u00e9di\u00e9 \u00e0 la sant\u00e9 f\u00e9minine &amp; reproductive. Ici, vous trouverez des plantes naturelles, des rituels bien-\u00eatre et des solutions holistiques pens\u00e9es pour&#8230;<\/p>\n","protected":false},"author":1,"featured_media":0,"parent":0,"menu_order":0,"comment_status":"closed","ping_status":"closed","template":"page-templates\/woocommerce-sidebar.php","meta":{"_themeisle_gutenberg_block_has_review":false,"footnotes":""},"class_list":["post-288","page","type-page","status-publish","hentry"],"jetpack_sharing_enabled":true,"_links":{"self":[{"href":"https:\/\/goldenlotus.fr\/index.php\/wp-json\/wp\/v2\/pages\/288","targetHints":{"allow":["GET"]}}],"collection":[{"href":"https:\/\/goldenlotus.fr\/index.php\/wp-json\/wp\/v2\/pages"}],"about":[{"href":"https:\/\/goldenlotus.fr\/index.php\/wp-json\/wp\/v2\/types\/page"}],"author":[{"embeddable":true,"href":"https:\/\/goldenlotus.fr\/index.php\/wp-json\/wp\/v2\/users\/1"}],"replies":[{"embeddable":true,"href":"https:\/\/goldenlotus.fr\/index.php\/wp-json\/wp\/v2\/comments?post=288"}],"version-history":[{"count":14,"href":"https:\/\/goldenlotus.fr\/index.php\/wp-json\/wp\/v2\/pages\/288\/revisions"}],"predecessor-version":[{"id":348,"href":"https:\/\/goldenlotus.fr\/index.php\/wp-json\/wp\/v2\/pages\/288\/revisions\/348"}],"wp:attachment":[{"href":"https:\/\/goldenlotus.fr\/index.php\/wp-json\/wp\/v2\/media?parent=288"}],"curies":[{"name":"wp","href":"https:\/\/api.w.org\/{rel}","templated":true}]}}